{"id":1103,"date":"2024-11-29T09:45:46","date_gmt":"2024-11-29T08:45:46","guid":{"rendered":"https:\/\/tn-sca.indermache.de\/?page_id=1103"},"modified":"2025-07-17T16:56:45","modified_gmt":"2025-07-17T14:56:45","slug":"impressum","status":"publish","type":"page","link":"https:\/\/www.silver-cloud-air.com\/en\/impressum","title":{"rendered":"Imprint"},"content":{"rendered":"\n\n\n\n\n\n\n<section class=\"section-hero section-hero--sm\">\n    <div class=\"hero hero--sm \" >\n      <video autoplay muted loop playsinline class=\"hero__video\">\n        <source src=\"https:\/\/www.silver-cloud-air.com\/wp-content\/uploads\/2025\/06\/privatjet-flug-ueber-den-bergen.mp4\" type=\"video\/mp4\">\n        Your browser does not support the video tag.\n      <\/video>\n\n                      <div class=\"container px-sm-0 hero__container\">\n                <h1 class=\"hero__heading\">Imprint<\/h1>\n            <\/div>\n\n              <\/div>\n    <\/section>\n\n\n\n<div class=\"container revert-spacing fs-fluid-text-base\">\n    <p><strong>B\u00fcro Speyer &#8211; Headquarter:<\/strong><\/p>\n<address>Silver Cloud Air GmbH<br \/>\nJoachim-Becher-Stra\u00dfe 2<br \/>\n67346 Speyer<br \/>\nDeutschland<\/address>\n<p>Tel.: +49 6232 68491-0<br \/>\nFax: +49 06232 684919-910<\/p>\n<p><strong>Standort K\u00f6ln:<\/strong><\/p>\n<address>General-Aviation Terminal<br \/>\nTerminal BACC<br \/>\nHeinrich-Steinmann-Str. 2a<br \/>\n51147 K\u00f6ln<br \/>\nDeutschland<br \/>\n<\/address>\n<p>E-Mail:\u00a0<a href=\"mailto:info@silver-cloud-air.com\">info@silver-cloud-air.com<\/a><br \/>\nInternet:\u00a0<a href=\"https:\/\/www.silver-cloud-air.com\/en\">www.silver-cloud-air.com\/en<\/a><\/p>\n<p class=\"distance-top\"><strong>Gesch\u00e4ftsf\u00fchrerin:<\/strong><br \/>\nTanja Sauer<\/p>\n<p>Registergericht: Amtsgericht Ludwigshafen<br \/>\nRegisternummer: HRB 52299<br \/>\nLizenznummer: D-263 AOC<br \/>\nVAT-ID.Nr.: DE 160266502<br \/>\nSteuernummer: 41\/652\/05947<\/p>\n<p><strong>Haftungshinweis:<\/strong><\/p>\n<p>Trotz sorgf\u00e4ltiger inhaltlicher Kontrolle \u00fcbernehmen wir keine Haftung f\u00fcr die Inhalte externer Links. F\u00fcr den Inhalt der verlinkten Seiten sind ausschlie\u00dflich deren Betreiber verantwortlich.<\/p>\n<p><strong>Google Analytics:<\/strong><\/p>\n<p>Diese Website benutzt Google Analytics, einen Webanalysedienst der Google Inc. (\u201eGoogle\u201c). Google Analytics verwendet sog. \u201eCookies\u201c, Textdateien, die auf Ihrem Computer gespeichert werden und die eine Analyse der Benutzung der Website durch Sie erm\u00f6glichen. Die durch den Cookie erzeugten Informationen \u00fcber Ihre Benutzung dieser Website werden in der Regel an einen Server von Google in den USA \u00fcbertragen und dort gespeichert. Im Falle der Aktivierung der IP-Anonymisierung auf dieser Webseite, wird Ihre IP-Adresse von Google jedoch innerhalb von Mitgliedstaaten der Europ\u00e4ischen Union oder in anderen Vertragsstaaten des Abkommens \u00fcber den Europ\u00e4ischen Wirtschaftsraum zuvor gek\u00fcrzt. Nur in Ausnahmef\u00e4llen wird die volle IP-Adresse an einen Server von Google in den USA \u00fcbertragen und dort gek\u00fcrzt. Im Auftrag des Betreibers dieser Website wird Google diese Informationen benutzen, um Ihre Nutzung der Website auszuwerten, um Reports \u00fcber die Websiteaktivit\u00e4ten zusammenzustellen und um weitere mit der Websitenutzung und der Internetnutzung verbundene Dienstleistungen gegen\u00fcber dem Websitebetreiber zu erbringen. Die im Rahmen von Google Analytics von Ihrem Browser \u00fcbermittelte IP-Adresse wird nicht mit anderen Daten von Google zusammengef\u00fchrt. Sie k\u00f6nnen die Speicherung der Cookies durch eine entsprechende Einstellung Ihrer Browser-Software verhindern; wir weisen Sie jedoch darauf hin, dass Sie in diesem<br \/>\nFall gegebenenfalls nicht s\u00e4mtliche Funktionen dieser Website vollumf\u00e4nglich werden nutzen k\u00f6nnen. Sie k\u00f6nnen dar\u00fcber hinaus die Erfassung der durch das Cookie erzeugten und auf Ihre Nutzung der Website bezogenen Daten (inkl. Ihrer IP-Adresse) an Google sowie die Verarbeitung dieser Daten durch Google verhindern, in dem sie das unter dem folgenden Link verf\u00fcgbare Browser-Plugin herunterladen und installieren\u00a0<a href=\"http:\/\/tools.google.com\/dlpage\/gaoptout?hl=de\">http:\/\/tools.google.com\/dlpage<wbr \/>\/gaoptout?hl=de<\/a>.<\/p>\n\n<\/div>","protected":false},"excerpt":{"rendered":"","protected":false},"author":1,"featured_media":0,"parent":0,"menu_order":11,"comment_status":"closed","ping_status":"closed","template":"","meta":{"_acf_changed":false,"inline_featured_image":false,"footnotes":""},"class_list":["post-1103","page","type-page","status-publish","hentry"],"acf":[],"_links":{"self":[{"href":"https:\/\/www.silver-cloud-air.com\/en\/wp-json\/wp\/v2\/pages\/1103","targetHints":{"allow":["GET"]}}],"collection":[{"href":"https:\/\/www.silver-cloud-air.com\/en\/wp-json\/wp\/v2\/pages"}],"about":[{"href":"https:\/\/www.silver-cloud-air.com\/en\/wp-json\/wp\/v2\/types\/page"}],"author":[{"embeddable":true,"href":"https:\/\/www.silver-cloud-air.com\/en\/wp-json\/wp\/v2\/users\/1"}],"replies":[{"embeddable":true,"href":"https:\/\/www.silver-cloud-air.com\/en\/wp-json\/wp\/v2\/comments?post=1103"}],"version-history":[{"count":5,"href":"https:\/\/www.silver-cloud-air.com\/en\/wp-json\/wp\/v2\/pages\/1103\/revisions"}],"predecessor-version":[{"id":4552,"href":"https:\/\/www.silver-cloud-air.com\/en\/wp-json\/wp\/v2\/pages\/1103\/revisions\/4552"}],"wp:attachment":[{"href":"https:\/\/www.silver-cloud-air.com\/en\/wp-json\/wp\/v2\/media?parent=1103"}],"curies":[{"name":"wp","href":"https:\/\/api.w.org\/{rel}","templated":true}]}}